{"id":10358,"date":"2025-11-22T10:43:14","date_gmt":"2025-11-22T10:43:14","guid":{"rendered":"https:\/\/gsesecurity.al\/?page_id=10358"},"modified":"2026-01-08T10:40:41","modified_gmt":"2026-01-08T10:40:41","slug":"blog","status":"publish","type":"page","link":"https:\/\/gsesecurity.al\/fr\/blog\/","title":{"rendered":"Blog"},"content":{"rendered":"\t\t<div data-elementor-type=\"wp-page\" data-elementor-id=\"10358\" class=\"elementor elementor-10358\" data-elementor-post-type=\"page\">\n\t\t\t\t\t\t<section class=\"elementor-section elementor-top-section elementor-element elementor-element-3231a0f elementor-section-boxed elementor-section-height-default elementor-section-height-default\" data-id=\"3231a0f\" data-element_type=\"section\" data-e-type=\"section\">\n\t\t\t\t\t\t<div class=\"elementor-container elementor-column-gap-default\">\n\t\t\t\t\t<div class=\"elementor-column elementor-col-100 elementor-top-column elementor-element elementor-element-45f58fa\" data-id=\"45f58fa\" data-element_type=\"column\" data-e-type=\"column\">\n\t\t\t<div class=\"elementor-widget-wrap elementor-element-populated\">\n\t\t\t\t\t\t<div class=\"elementor-element elementor-element-051a030 elementor-grid-3 elementor-grid-tablet-2 elementor-grid-mobile-1 elementor-posts--thumbnail-top elementor-widget elementor-widget-posts\" data-id=\"051a030\" data-element_type=\"widget\" data-e-type=\"widget\" data-settings=\"{&quot;classic_row_gap&quot;:{&quot;unit&quot;:&quot;px&quot;,&quot;size&quot;:30,&quot;sizes&quot;:[]},&quot;pagination_type&quot;:&quot;numbers&quot;,&quot;classic_columns&quot;:&quot;3&quot;,&quot;classic_columns_tablet&quot;:&quot;2&quot;,&quot;classic_columns_mobile&quot;:&quot;1&quot;,&quot;classic_row_gap_tablet&quot;:{&quot;unit&quot;:&quot;px&quot;,&quot;size&quot;:&quot;&quot;,&quot;sizes&quot;:[]},&quot;classic_row_gap_mobile&quot;:{&quot;unit&quot;:&quot;px&quot;,&quot;size&quot;:&quot;&quot;,&quot;sizes&quot;:[]}}\" data-widget_type=\"posts.classic\">\n\t\t\t\t<div class=\"elementor-widget-container\">\n\t\t\t\t\t\t\t<div class=\"elementor-posts-container elementor-posts elementor-posts--skin-classic elementor-grid\" role=\"list\">\n\t\t\t\t<article class=\"elementor-post elementor-grid-item post-11029 post type-post status-publish format-standard has-post-thumbnail hentry category-uncategorized-sq tag-culture-of-protection tag-cybersecurity-leadership tag-cybersecurity-strategy tag-employee-security-training tag-gse-security-solutions tag-organizational-security-culture tag-risk-management tag-security-awareness\" role=\"listitem\">\n\t\t\t\t<a class=\"elementor-post__thumbnail__link\" href=\"https:\/\/gsesecurity.al\/fr\/building-a-culture-of-protection-moving-beyond-security-checklists\/\" tabindex=\"-1\" >\n\t\t\t<div class=\"elementor-post__thumbnail\"><img fetchpriority=\"high\" decoding=\"async\" width=\"300\" height=\"300\" src=\"https:\/\/gsesecurity.al\/wp-content\/uploads\/2026\/03\/culture-of-protection-human-centric-security-gse.jpg-300x300.png\" class=\"attachment-medium size-medium wp-image-11030\" alt=\"Silhouette of a person interacting with a digital network interface, representing human-centric cybersecurity and a culture of protection in modern organizations\" srcset=\"https:\/\/gsesecurity.al\/wp-content\/uploads\/2026\/03\/culture-of-protection-human-centric-security-gse.jpg-300x300.png 300w, https:\/\/gsesecurity.al\/wp-content\/uploads\/2026\/03\/culture-of-protection-human-centric-security-gse.jpg-150x150.png 150w, https:\/\/gsesecurity.al\/wp-content\/uploads\/2026\/03\/culture-of-protection-human-centric-security-gse.jpg-768x768.png 768w\" sizes=\"(max-width: 300px) 100vw, 300px\" \/><\/div>\n\t\t<\/a>\n\t\t\t\t<div class=\"elementor-post__text\">\n\t\t\t\t<h3 class=\"elementor-post__title\">\n\t\t\t<a href=\"https:\/\/gsesecurity.al\/fr\/building-a-culture-of-protection-moving-beyond-security-checklists\/\" >\n\t\t\t\tBuilding a Culture of Protection: Moving Beyond Security Checklists\t\t\t<\/a>\n\t\t<\/h3>\n\t\t\t\t<div class=\"elementor-post__meta-data\">\n\t\t\t\t\t<span class=\"elementor-post-date\">\n\t\t\tmars 23, 2026\t\t<\/span>\n\t\t\t\t<span class=\"elementor-post-avatar\">\n\t\t\tAucun commentaire\t\t<\/span>\n\t\t\t\t<\/div>\n\t\t\t\t<div class=\"elementor-post__excerpt\">\n\t\t\t<p>GSE Security has build a strong culture of protection in your organization. Discover how leadership, people, and seamless security practices reduce risk beyond compliance. Why Traditional Security Checklists Are No Longer Enough For years, organizations have relied on checklists to manage security. Firewalls, endpoint protection, password policies, and compliance audits<\/p>\n\t\t<\/div>\n\t\t\t\t\t<div class=\"elementor-post__read-more-wrapper\">\n\t\t\n\t\t<a class=\"elementor-post__read-more\" href=\"https:\/\/gsesecurity.al\/fr\/building-a-culture-of-protection-moving-beyond-security-checklists\/\" aria-label=\"Read more about Building a Culture of Protection: Moving Beyond Security Checklists\" tabindex=\"-1\" >\n\t\t\tRead More \u00bb\t\t<\/a>\n\n\t\t\t\t\t<\/div>\n\t\t\t\t<\/div>\n\t\t\t\t<\/article>\n\t\t\t\t<article class=\"elementor-post elementor-grid-item post-10817 post type-post status-publish format-standard has-post-thumbnail hentry category-uncategorized-sq\" role=\"listitem\">\n\t\t\t\t<a class=\"elementor-post__thumbnail__link\" href=\"https:\/\/gsesecurity.al\/fr\/gse-security-partneri-juaj-per-sigurine-e-udhetimit-ne-shqiperi-dhe-rajon\/\" tabindex=\"-1\" >\n\t\t\t<div class=\"elementor-post__thumbnail\"><img decoding=\"async\" width=\"300\" height=\"300\" src=\"https:\/\/gsesecurity.al\/wp-content\/uploads\/2025\/12\/GSE-SECURITY-TRAVEL-SECURITY-1-300x300.jpeg\" class=\"attachment-medium size-medium wp-image-10781\" alt=\"gse security travel\" srcset=\"https:\/\/gsesecurity.al\/wp-content\/uploads\/2025\/12\/GSE-SECURITY-TRAVEL-SECURITY-1-300x300.jpeg 300w, https:\/\/gsesecurity.al\/wp-content\/uploads\/2025\/12\/GSE-SECURITY-TRAVEL-SECURITY-1-1024x1024.jpeg 1024w, https:\/\/gsesecurity.al\/wp-content\/uploads\/2025\/12\/GSE-SECURITY-TRAVEL-SECURITY-1-150x150.jpeg 150w, https:\/\/gsesecurity.al\/wp-content\/uploads\/2025\/12\/GSE-SECURITY-TRAVEL-SECURITY-1-768x768.jpeg 768w\" sizes=\"(max-width: 300px) 100vw, 300px\" \/><\/div>\n\t\t<\/a>\n\t\t\t\t<div class=\"elementor-post__text\">\n\t\t\t\t<h3 class=\"elementor-post__title\">\n\t\t\t<a href=\"https:\/\/gsesecurity.al\/fr\/gse-security-partneri-juaj-per-sigurine-e-udhetimit-ne-shqiperi-dhe-rajon\/\" >\n\t\t\t\tGSE Security: Partneri Juaj p\u00ebr Sigurin\u00eb e Udh\u00ebtimit n\u00eb Shqip\u00ebri dhe Rajon\t\t\t<\/a>\n\t\t<\/h3>\n\t\t\t\t<div class=\"elementor-post__meta-data\">\n\t\t\t\t\t<span class=\"elementor-post-date\">\n\t\t\tf\u00e9vrier 9, 2026\t\t<\/span>\n\t\t\t\t<span class=\"elementor-post-avatar\">\n\t\t\tAucun commentaire\t\t<\/span>\n\t\t\t\t<\/div>\n\t\t\t\t<div class=\"elementor-post__excerpt\">\n\t\t\t<p>GSE Security ofron sh\u00ebrbime profesionale t\u00eb siguris\u00eb s\u00eb udh\u00ebtimit n\u00eb Shqip\u00ebri dhe Europ\u00eb. Mbrojtje eksperte p\u00ebr turist\u00ebt dhe udh\u00ebtar\u00ebt e biznesit. Partneri juaj i siguris\u00eb n\u00eb Shqip\u00ebri, Ballkan dhe Europ\u00eb Po planifikoni nj\u00eb udh\u00ebtim n\u00eb Shqip\u00ebri ose Ballkan? Ky rajon ofron plazhe mahnit\u00ebse dhe histori t\u00eb pasur. Megjithat\u00eb, udh\u00ebtar\u00ebt e<\/p>\n\t\t<\/div>\n\t\t\t\t\t<div class=\"elementor-post__read-more-wrapper\">\n\t\t\n\t\t<a class=\"elementor-post__read-more\" href=\"https:\/\/gsesecurity.al\/fr\/gse-security-partneri-juaj-per-sigurine-e-udhetimit-ne-shqiperi-dhe-rajon\/\" aria-label=\"Read more about GSE Security: Partneri Juaj p\u00ebr Sigurin\u00eb e Udh\u00ebtimit n\u00eb Shqip\u00ebri dhe Rajon\" tabindex=\"-1\" >\n\t\t\tRead More \u00bb\t\t<\/a>\n\n\t\t\t\t\t<\/div>\n\t\t\t\t<\/div>\n\t\t\t\t<\/article>\n\t\t\t\t<article class=\"elementor-post elementor-grid-item post-10786 post type-post status-publish format-standard has-post-thumbnail hentry category-uncategorized-sq tag-evrope tag-kosove tag-sherbimi-i-mbrojtjes-vip tag-shqiperi\" role=\"listitem\">\n\t\t\t\t<a class=\"elementor-post__thumbnail__link\" href=\"https:\/\/gsesecurity.al\/fr\/sherbime-mbrojtjeje-vip-per-persona-te-profilit-te-larte\/\" tabindex=\"-1\" >\n\t\t\t<div class=\"elementor-post__thumbnail\"><img decoding=\"async\" width=\"300\" height=\"300\" src=\"https:\/\/gsesecurity.al\/wp-content\/uploads\/2026\/01\/GSE-SECURITY-VIP-PROTECTION-copy-300x300.jpg\" class=\"attachment-medium size-medium wp-image-10788\" alt=\"GSE Secutity\" srcset=\"https:\/\/gsesecurity.al\/wp-content\/uploads\/2026\/01\/GSE-SECURITY-VIP-PROTECTION-copy-300x300.jpg 300w, https:\/\/gsesecurity.al\/wp-content\/uploads\/2026\/01\/GSE-SECURITY-VIP-PROTECTION-copy-150x150.jpg 150w, https:\/\/gsesecurity.al\/wp-content\/uploads\/2026\/01\/GSE-SECURITY-VIP-PROTECTION-copy-768x768.jpg 768w\" sizes=\"(max-width: 300px) 100vw, 300px\" \/><\/div>\n\t\t<\/a>\n\t\t\t\t<div class=\"elementor-post__text\">\n\t\t\t\t<h3 class=\"elementor-post__title\">\n\t\t\t<a href=\"https:\/\/gsesecurity.al\/fr\/sherbime-mbrojtjeje-vip-per-persona-te-profilit-te-larte\/\" >\n\t\t\t\tSh\u00ebrbime Mbrojtjeje VIP p\u00ebr Persona t\u00eb Profilit t\u00eb Lart\u00eb\t\t\t<\/a>\n\t\t<\/h3>\n\t\t\t\t<div class=\"elementor-post__meta-data\">\n\t\t\t\t\t<span class=\"elementor-post-date\">\n\t\t\tjanvier 26, 2026\t\t<\/span>\n\t\t\t\t<span class=\"elementor-post-avatar\">\n\t\t\tAucun commentaire\t\t<\/span>\n\t\t\t\t<\/div>\n\t\t\t\t<div class=\"elementor-post__excerpt\">\n\t\t\t<p>Sh\u00ebrbimi i Mbrojtjes VIP nga GSE SECURITY Secutrity ofron mbrojtje me bodygard p\u00ebr individ\u00ebt q\u00eb k\u00ebrkojn\u00eb diskrecion, profesionaliz\u00ebm dhe besueshm\u00ebri absolute. Punonj\u00ebsit tan\u00eb me p\u00ebrvoj\u00eb t\u00eb gjat\u00eb n\u00eb fush\u00ebn e siguris\u00eb ofrojn\u00eb \u00e7do sh\u00ebrbim ruajtje p\u00ebr klient\u00ebt n\u00eb t\u00eb gjith\u00eb Shqip\u00ebrin\u00eb, Kosov\u00ebn, Ballkanin Per\u00ebndimor dhe Evrop\u00ebn. Shqip\u00ebria \u00ebsht\u00eb nj\u00eb nga<\/p>\n\t\t<\/div>\n\t\t\t\t\t<div class=\"elementor-post__read-more-wrapper\">\n\t\t\n\t\t<a class=\"elementor-post__read-more\" href=\"https:\/\/gsesecurity.al\/fr\/sherbime-mbrojtjeje-vip-per-persona-te-profilit-te-larte\/\" aria-label=\"Read more about Sh\u00ebrbime Mbrojtjeje VIP p\u00ebr Persona t\u00eb Profilit t\u00eb Lart\u00eb\" tabindex=\"-1\" >\n\t\t\tRead More \u00bb\t\t<\/a>\n\n\t\t\t\t\t<\/div>\n\t\t\t\t<\/div>\n\t\t\t\t<\/article>\n\t\t\t\t<article class=\"elementor-post elementor-grid-item post-10767 post type-post status-publish format-standard has-post-thumbnail hentry category-uncategorized-sq\" role=\"listitem\">\n\t\t\t\t<a class=\"elementor-post__thumbnail__link\" href=\"https:\/\/gsesecurity.al\/fr\/zbuloni-se-si-gse-security-transformon-mbrojtjen-e-objekteve-ne-shqiperi-permes-ekosistemeve-te-unifikuara-te-kontrollit-te-hyrjes-mbikeqyrjes-dhe-kerkimit-elektronik\/\" tabindex=\"-1\" >\n\t\t\t<div class=\"elementor-post__thumbnail\"><img loading=\"lazy\" decoding=\"async\" width=\"300\" height=\"300\" src=\"https:\/\/gsesecurity.al\/wp-content\/uploads\/2025\/12\/XS_R4006-300x300.jpg\" class=\"attachment-medium size-medium wp-image-10577\" alt=\"GSE Security Albaia\" srcset=\"https:\/\/gsesecurity.al\/wp-content\/uploads\/2025\/12\/XS_R4006-300x300.jpg 300w, https:\/\/gsesecurity.al\/wp-content\/uploads\/2025\/12\/XS_R4006-1024x1024.jpg 1024w, https:\/\/gsesecurity.al\/wp-content\/uploads\/2025\/12\/XS_R4006-150x150.jpg 150w, https:\/\/gsesecurity.al\/wp-content\/uploads\/2025\/12\/XS_R4006-768x768.jpg 768w\" sizes=\"(max-width: 300px) 100vw, 300px\" \/><\/div>\n\t\t<\/a>\n\t\t\t\t<div class=\"elementor-post__text\">\n\t\t\t\t<h3 class=\"elementor-post__title\">\n\t\t\t<a href=\"https:\/\/gsesecurity.al\/fr\/zbuloni-se-si-gse-security-transformon-mbrojtjen-e-objekteve-ne-shqiperi-permes-ekosistemeve-te-unifikuara-te-kontrollit-te-hyrjes-mbikeqyrjes-dhe-kerkimit-elektronik\/\" >\n\t\t\t\tZbuloni se si GSE Security transformon mbrojtjen e objekteve n\u00eb Shqip\u00ebri p\u00ebrmes ekosistemeve t\u00eb unifikuara t\u00eb kontrollit t\u00eb hyrjes, mbik\u00ebqyrjes dhe k\u00ebrkimit elektronik.\t\t\t<\/a>\n\t\t<\/h3>\n\t\t\t\t<div class=\"elementor-post__meta-data\">\n\t\t\t\t\t<span class=\"elementor-post-date\">\n\t\t\tjanvier 14, 2026\t\t<\/span>\n\t\t\t\t<span class=\"elementor-post-avatar\">\n\t\t\tAucun commentaire\t\t<\/span>\n\t\t\t\t<\/div>\n\t\t\t\t<div class=\"elementor-post__excerpt\">\n\t\t\t<p>Metodat e vjetra t\u00eb siguris\u00eb jan\u00eb t\u00eb vjet\u00ebruara n\u00eb Shqip\u00ebri. GSE Security p\u00ebrdor nj\u00eb m\u00ebnyr\u00eb t\u00eb re. Ata instalojn\u00eb sisteme t\u00eb unifikuara. K\u00ebto lidhin mbrojtjen fizike dhe dixhitale. Domosdoshm\u00ebria e Integrimit Sistemet e vjetra t\u00eb siguris\u00eb punojn\u00eb t\u00eb izoluara. Lexuesit e kartave punojn\u00eb ve\u00e7mas nga kamerat. Nd\u00ebrkoh\u00eb, alarmet p\u00ebrdorin rrug\u00eb<\/p>\n\t\t<\/div>\n\t\t\t\t\t<div class=\"elementor-post__read-more-wrapper\">\n\t\t\n\t\t<a class=\"elementor-post__read-more\" href=\"https:\/\/gsesecurity.al\/fr\/zbuloni-se-si-gse-security-transformon-mbrojtjen-e-objekteve-ne-shqiperi-permes-ekosistemeve-te-unifikuara-te-kontrollit-te-hyrjes-mbikeqyrjes-dhe-kerkimit-elektronik\/\" aria-label=\"Read more about Zbuloni se si GSE Security transformon mbrojtjen e objekteve n\u00eb Shqip\u00ebri p\u00ebrmes ekosistemeve t\u00eb unifikuara t\u00eb kontrollit t\u00eb hyrjes, mbik\u00ebqyrjes dhe k\u00ebrkimit elektronik.\" tabindex=\"-1\" >\n\t\t\tRead More \u00bb\t\t<\/a>\n\n\t\t\t\t\t<\/div>\n\t\t\t\t<\/div>\n\t\t\t\t<\/article>\n\t\t\t\t<article class=\"elementor-post elementor-grid-item post-9911 post type-post status-publish format-standard has-post-thumbnail hentry category-uncategorized-sq tag-access-control-systems tag-cctv-systems tag-cybersecurity-albania tag-electronic-alarms tag-gse-security-albania tag-integrated-security-solutions tag-physical-security-albania tag-security-services-kosovo tag-security-training-center tag-video-surveillance-albania tag-vip-protection\" role=\"listitem\">\n\t\t\t\t<a class=\"elementor-post__thumbnail__link\" href=\"https:\/\/gsesecurity.al\/fr\/gse-security-siguria-juaj-prioriteti-yne\/\" tabindex=\"-1\" >\n\t\t\t<div class=\"elementor-post__thumbnail\"><img loading=\"lazy\" decoding=\"async\" width=\"300\" height=\"109\" src=\"https:\/\/gsesecurity.al\/wp-content\/uploads\/2020\/04\/GSE.webp\" class=\"attachment-medium size-medium wp-image-8150\" alt=\"GSE Security\" srcset=\"https:\/\/gsesecurity.al\/wp-content\/uploads\/2020\/04\/GSE.webp 1920w, https:\/\/gsesecurity.al\/wp-content\/uploads\/2020\/04\/GSE-600x219.webp 600w\" sizes=\"(max-width: 300px) 100vw, 300px\" \/><\/div>\n\t\t<\/a>\n\t\t\t\t<div class=\"elementor-post__text\">\n\t\t\t\t<h3 class=\"elementor-post__title\">\n\t\t\t<a href=\"https:\/\/gsesecurity.al\/fr\/gse-security-siguria-juaj-prioriteti-yne\/\" >\n\t\t\t\tGSE Security: Siguria Juaj, Prioriteti Yn\u00eb!\t\t\t<\/a>\n\t\t<\/h3>\n\t\t\t\t<div class=\"elementor-post__meta-data\">\n\t\t\t\t\t<span class=\"elementor-post-date\">\n\t\t\tnovembre 22, 2025\t\t<\/span>\n\t\t\t\t<span class=\"elementor-post-avatar\">\n\t\t\tAucun commentaire\t\t<\/span>\n\t\t\t\t<\/div>\n\t\t\t\t<div class=\"elementor-post__excerpt\">\n\t\t\t<p>GSE Security \u00ebsht\u00eb ofruesi kryesor i sh\u00ebrbimeve t\u00eb integruara t\u00eb siguris\u00eb n\u00eb Shqip\u00ebri, duke ofruar q\u00eb nga viti 2004 zgjidhje t\u00eb avancuara t\u00eb mbik\u00ebqyrjes, access control, mbrojtjes VIP dhe k\u00ebrkimit elektronik p\u00ebr sht\u00ebpi dhe biznese. N\u00eb nj\u00eb bot\u00eb gjithnj\u00eb e m\u00eb komplekse ku k\u00ebrc\u00ebnimet e siguris\u00eb evoluojn\u00eb \u00e7do dit\u00eb, t\u00eb<\/p>\n\t\t<\/div>\n\t\t\t\t\t<div class=\"elementor-post__read-more-wrapper\">\n\t\t\n\t\t<a class=\"elementor-post__read-more\" href=\"https:\/\/gsesecurity.al\/fr\/gse-security-siguria-juaj-prioriteti-yne\/\" aria-label=\"Read more about GSE Security: Siguria Juaj, Prioriteti Yn\u00eb!\" tabindex=\"-1\" >\n\t\t\tRead More \u00bb\t\t<\/a>\n\n\t\t\t\t\t<\/div>\n\t\t\t\t<\/div>\n\t\t\t\t<\/article>\n\t\t\t\t<\/div>\n\t\t\n\t\t\t\t\t\t<\/div>\n\t\t\t\t<\/div>\n\t\t\t\t\t<\/div>\n\t\t<\/div>\n\t\t\t\t\t<\/div>\n\t\t<\/section>\n\t\t\t\t<\/div>\n\t\t","protected":false},"excerpt":{"rendered":"","protected":false},"author":1,"featured_media":0,"parent":0,"menu_order":0,"comment_status":"closed","ping_status":"closed","template":"","meta":{"om_disable_all_campaigns":false,"_monsterinsights_skip_tracking":false,"_monsterinsights_sitenote_active":false,"_monsterinsights_sitenote_note":"","_monsterinsights_sitenote_category":0,"footnotes":""},"class_list":["post-10358","page","type-page","status-publish","hentry"],"aioseo_notices":[],"_links":{"self":[{"href":"https:\/\/gsesecurity.al\/fr\/wp-json\/wp\/v2\/pages\/10358","targetHints":{"allow":["GET"]}}],"collection":[{"href":"https:\/\/gsesecurity.al\/fr\/wp-json\/wp\/v2\/pages"}],"about":[{"href":"https:\/\/gsesecurity.al\/fr\/wp-json\/wp\/v2\/types\/page"}],"author":[{"embeddable":true,"href":"https:\/\/gsesecurity.al\/fr\/wp-json\/wp\/v2\/users\/1"}],"replies":[{"embeddable":true,"href":"https:\/\/gsesecurity.al\/fr\/wp-json\/wp\/v2\/comments?post=10358"}],"version-history":[{"count":13,"href":"https:\/\/gsesecurity.al\/fr\/wp-json\/wp\/v2\/pages\/10358\/revisions"}],"predecessor-version":[{"id":10754,"href":"https:\/\/gsesecurity.al\/fr\/wp-json\/wp\/v2\/pages\/10358\/revisions\/10754"}],"wp:attachment":[{"href":"https:\/\/gsesecurity.al\/fr\/wp-json\/wp\/v2\/media?parent=10358"}],"curies":[{"name":"wp","href":"https:\/\/api.w.org\/{rel}","templated":true}]}}